{"id":12,"date":"2016-09-05T19:52:33","date_gmt":"2016-09-05T19:52:33","guid":{"rendered":"http:\/\/demos.famethemes.com\/screenr\/?page_id=12"},"modified":"2026-04-02T10:55:13","modified_gmt":"2026-04-02T08:55:13","slug":"wynajem-it","status":"publish","type":"page","link":"https:\/\/www.probis.com.pl\/index.php\/wynajem-it\/","title":{"rendered":"Wypo\u017cyczalnia"},"content":{"rendered":"<p style=\"text-align: left;\">Jeste\u015bmy jedn\u0105 z wiod\u0105cych firm w Polsce specjalizuj\u0105cych si\u0119 w wynajmie sprz\u0119tu IT. Dzia\u0142amy nieprzerwanie od 1999 roku, dostarczaj\u0105c kompleksowe rozwi\u0105zania dla biznesu, instytucji oraz organizator\u00f3w wydarze\u0144.<\/p>\n<p>Dysponujemy nowoczesnym i zr\u00f3\u017cnicowanym zapleczem sprz\u0119towym, kt\u00f3re elastycznie dopasowujemy do indywidualnych potrzeb naszych klient\u00f3w. Oferujemy wynajem m.in. laptop\u00f3w, drukarek, projektor\u00f3w, skanery kod\u00f3w kreskowych, router\u00f3w oraz pe\u0142ne wsparcie techniczne na ka\u017cdym etapie realizacji.<\/p>\n<p>Nasze do\u015bwiadczenie pozwala nam skutecznie obs\u0142ugiwa\u0107 zar\u00f3wno standardowe zlecenia, jak i najbardziej wymagaj\u0105ce projekty na du\u017c\u0105 skal\u0119.<\/p>\n<p>Wsp\u00f3\u0142pracujemy m.in. z:<br \/>\n\u2013 hotelami i centrami konferencyjnymi (obs\u0142uga konferencji i szkole\u0144),<br \/>\n\u2013 agencjami reklamowymi (eventy, akcje promocyjne),<br \/>\n\u2013 firmami szkoleniowymi (szkolenia IT),<br \/>\n\u2013 organizatorami egzamin\u00f3w (obs\u0142uga egzamin\u00f3w zawodowych i pa\u0144stwowych),<br \/>\n\u2013 instytucjami oraz firmami realizuj\u0105cymi projekty specjalne.<\/p>\n<p>Realizujemy projekty na terenie ca\u0142ej Polski, zapewniaj\u0105c niezawodno\u015b\u0107, terminowo\u015b\u0107 oraz najwy\u017csz\u0105 jako\u015b\u0107 us\u0142ug.<br \/>\nZapraszamy do kontaktu w celu przygotowania indywidualnej wyceny i rozpocz\u0119cia wsp\u00f3\u0142pracy.<\/p>\n<p>Szczeg\u00f3\u0142y oferty:<br \/>\nwynejem-lcd.pl<br \/>\nwynajem-sprzetu.com.pl<\/p>\n","protected":false},"excerpt":{"rendered":"<p>Jeste\u015bmy jedn\u0105 z wiod\u0105cych firm w Polsce specjalizuj\u0105cych si\u0119 w wynajmie sprz\u0119tu IT. Dzia\u0142amy nieprzerwanie od 1999 roku, dostarczaj\u0105c kompleksowe rozwi\u0105zania dla biznesu, instytucji oraz organizator\u00f3w wydarze\u0144.<\/p>\n","protected":false},"author":1,"featured_media":1215,"parent":0,"menu_order":0,"comment_status":"closed","ping_status":"closed","template":"","meta":[],"_links":{"self":[{"href":"https:\/\/www.probis.com.pl\/index.php\/wp-json\/wp\/v2\/pages\/12"}],"collection":[{"href":"https:\/\/www.probis.com.pl\/index.php\/wp-json\/wp\/v2\/pages"}],"about":[{"href":"https:\/\/www.probis.com.pl\/index.php\/wp-json\/wp\/v2\/types\/page"}],"author":[{"embeddable":true,"href":"https:\/\/www.probis.com.pl\/index.php\/wp-json\/wp\/v2\/users\/1"}],"replies":[{"embeddable":true,"href":"https:\/\/www.probis.com.pl\/index.php\/wp-json\/wp\/v2\/comments?post=12"}],"version-history":[{"count":12,"href":"https:\/\/www.probis.com.pl\/index.php\/wp-json\/wp\/v2\/pages\/12\/revisions"}],"predecessor-version":[{"id":1300,"href":"https:\/\/www.probis.com.pl\/index.php\/wp-json\/wp\/v2\/pages\/12\/revisions\/1300"}],"wp:featuredmedia":[{"embeddable":true,"href":"https:\/\/www.probis.com.pl\/index.php\/wp-json\/wp\/v2\/media\/1215"}],"wp:attachment":[{"href":"https:\/\/www.probis.com.pl\/index.php\/wp-json\/wp\/v2\/media?parent=12"}],"curies":[{"name":"wp","href":"https:\/\/api.w.org\/{rel}","templated":true}]}}