{"id":14,"date":"2016-09-05T20:00:36","date_gmt":"2016-09-05T20:00:36","guid":{"rendered":"http:\/\/demos.famethemes.com\/screenr\/?page_id=14"},"modified":"2026-04-02T11:42:30","modified_gmt":"2026-04-02T09:42:30","slug":"incredible-support","status":"publish","type":"page","link":"https:\/\/www.probis.com.pl\/index.php\/incredible-support\/","title":{"rendered":"Wszystko dla drukarek"},"content":{"rendered":"<h5 style=\"text-align: center;\">Tonery.Poznan.pl<\/h5>\n<p data-start=\"103\" data-end=\"257\"><strong data-start=\"103\" data-end=\"123\">Tonery.Poznan.pl<\/strong> to firma specjalizuj\u0105ca si\u0119 w sprzeda\u017cy toner\u00f3w, tuszy oraz innych materia\u0142\u00f3w eksploatacyjnych do drukarek, kserokopiarek i ploter\u00f3w.<\/p>\n<p data-start=\"259\" data-end=\"493\">Oferujemy szeroki asortyment (ponad 18 000 produkt\u00f3w), obejmuj\u0105cy zar\u00f3wno nowe, jak i regenerowane materia\u0142y, zapewniaj\u0105ce wysok\u0105 jako\u015b\u0107, trwa\u0142o\u015b\u0107 i niezawodno\u015b\u0107 w atrakcyjnych cenach. Na terenie Poznania zapewniamy bezp\u0142atn\u0105 dostaw\u0119.<\/p>\n<p data-start=\"495\" data-end=\"714\">Dodatkowo oferujemy mo\u017cliwo\u015b\u0107 d\u0142ugoterminowego wynajmu monochromatycznych drukarek laserowych \u2013 to wygodne i ekonomiczne rozwi\u0105zanie dla firm, kt\u00f3re chc\u0105 zoptymalizowa\u0107 koszty druku bez konieczno\u015bci inwestycji w sprz\u0119t.<\/p>\n<p data-start=\"716\" data-end=\"895\">Obs\u0142ugujemy firmy, instytucje oraz klient\u00f3w indywidualnych, oferuj\u0105c profesjonalne doradztwo i pomoc w doborze najlepszych rozwi\u0105za\u0144 \u2013 zar\u00f3wno pod wzgl\u0119dem jako\u015bci, jak i koszt\u00f3w.<\/p>\n<p data-start=\"897\" data-end=\"964\">Odbieramy r\u00f3wnie\u017c zu\u017cyte tonery i tusze zgodnie z przepisami (BDO).<\/p>\n<p data-start=\"966\" data-end=\"1002\">Zapraszamy do wsp\u00f3\u0142pracy i kontaktu.<\/p>\n\n\n<p><\/p>\n","protected":false},"excerpt":{"rendered":"<p>Tonery.Poznan.pl to firma specjalizuj\u0105ca si\u0119 w sprzeda\u017cy toner\u00f3w, tuszy oraz innych materia\u0142\u00f3w eksploatacyjnych do drukarek, kserokopiarek i ploter\u00f3w.<\/p>\n","protected":false},"author":1,"featured_media":1204,"parent":0,"menu_order":0,"comment_status":"closed","ping_status":"closed","template":"","meta":[],"_links":{"self":[{"href":"https:\/\/www.probis.com.pl\/index.php\/wp-json\/wp\/v2\/pages\/14"}],"collection":[{"href":"https:\/\/www.probis.com.pl\/index.php\/wp-json\/wp\/v2\/pages"}],"about":[{"href":"https:\/\/www.probis.com.pl\/index.php\/wp-json\/wp\/v2\/types\/page"}],"author":[{"embeddable":true,"href":"https:\/\/www.probis.com.pl\/index.php\/wp-json\/wp\/v2\/users\/1"}],"replies":[{"embeddable":true,"href":"https:\/\/www.probis.com.pl\/index.php\/wp-json\/wp\/v2\/comments?post=14"}],"version-history":[{"count":13,"href":"https:\/\/www.probis.com.pl\/index.php\/wp-json\/wp\/v2\/pages\/14\/revisions"}],"predecessor-version":[{"id":1313,"href":"https:\/\/www.probis.com.pl\/index.php\/wp-json\/wp\/v2\/pages\/14\/revisions\/1313"}],"wp:featuredmedia":[{"embeddable":true,"href":"https:\/\/www.probis.com.pl\/index.php\/wp-json\/wp\/v2\/media\/1204"}],"wp:attachment":[{"href":"https:\/\/www.probis.com.pl\/index.php\/wp-json\/wp\/v2\/media?parent=14"}],"curies":[{"name":"wp","href":"https:\/\/api.w.org\/{rel}","templated":true}]}}