{"id":15,"date":"2016-09-05T20:01:09","date_gmt":"2016-09-05T18:01:09","guid":{"rendered":"http:\/\/demos.famethemes.com\/screenr\/?page_id=15"},"modified":"2026-04-02T11:41:34","modified_gmt":"2026-04-02T09:41:34","slug":"easy-customization","status":"publish","type":"page","link":"https:\/\/www.probis.com.pl\/index.php\/easy-customization\/","title":{"rendered":"Szkolenia"},"content":{"rendered":"<p data-start=\"233\" data-end=\"336\">Specjalizujemy si\u0119 w kompleksowej realizacji szkole\u0144 z wykorzystaniem mobilnych pracowni komputerowych.<\/p>\n<p data-start=\"338\" data-end=\"539\">Zapewniamy pe\u0142ne zaplecze techniczne oraz organizacyjne, dzi\u0119ki czemu mo\u017cliwa jest sprawna realizacja zaj\u0119\u0107 w wielu lokalizacjach jednocze\u015bnie \u2013 bez anga\u017cowania dodatkowych zasob\u00f3w po stronie Partnera.<\/p>\n<p data-start=\"541\" data-end=\"678\">Posiadamy do\u015bwiadczenie w realizacji szkole\u0144 z zakresu kompetencji cyfrowych, w szczeg\u00f3lno\u015bci dla grup zagro\u017conych wykluczeniem cyfrowym.<\/p>\n<p data-start=\"680\" data-end=\"744\">Dzia\u0142amy mobilnie na terenie ca\u0142ego wojew\u00f3dztwa wielkopolskiego.<\/p>\n<p data-start=\"746\" data-end=\"762\"><strong data-start=\"746\" data-end=\"762\">Nasze atuty:<\/strong><\/p>\n<ul data-start=\"763\" data-end=\"853\">\n<li data-section-id=\"7c3x63\" data-start=\"763\" data-end=\"796\">szybkie wdro\u017cenie do projektu<\/li>\n<li data-section-id=\"12es63a\" data-start=\"797\" data-end=\"820\">kompleksowa obs\u0142uga<\/li>\n<li data-section-id=\"nda7jl\" data-start=\"821\" data-end=\"853\">pe\u0142na elastyczno\u015b\u0107 dzia\u0142ania<\/li>\n<\/ul>\n<hr data-start=\"855\" data-end=\"858\">\n<h2 data-section-id=\"3v4hkl\" data-start=\"860\" data-end=\"880\">CO ZAPEWNIAMY?<\/h2>\n<h3 data-section-id=\"utq1k0\" data-start=\"882\" data-end=\"909\">&#x1f5a5;&#xfe0f; Zaplecze techniczne<\/h3>\n<ul data-start=\"910\" data-end=\"1067\">\n<li data-section-id=\"1rbozek\" data-start=\"910\" data-end=\"974\">mobilne pracownie komputerowe \u2013 do 40 stanowisk jednocze\u015bnie<\/li>\n<li data-section-id=\"1l1hq6\" data-start=\"975\" data-end=\"1018\">laptopy, projektory, drukarki, monitory<\/li>\n<li data-section-id=\"zylbzx\" data-start=\"1019\" data-end=\"1067\">pe\u0142na organizacja i obs\u0142uga techniczna zaj\u0119\u0107<\/li>\n<\/ul>\n<h3 data-section-id=\"nurel1\" data-start=\"1069\" data-end=\"1095\">&#x1f393; Opieka merytoryczna<\/h3>\n<ul data-start=\"1096\" data-end=\"1296\">\n<li data-section-id=\"m90h7l\" data-start=\"1096\" data-end=\"1121\">do\u015bwiadczeni trenerzy<\/li>\n<li data-section-id=\"1lqn74t\" data-start=\"1122\" data-end=\"1179\">dopasowanie harmonogramu do lokalizacji i uczestnik\u00f3w<\/li>\n<li data-section-id=\"5548mx\" data-start=\"1180\" data-end=\"1232\">programy szkoleniowe dostosowane do poziomu grup<\/li>\n<li data-section-id=\"gmkpla\" data-start=\"1233\" data-end=\"1270\">nacisk na praktyczne umiej\u0119tno\u015bci<\/li>\n<li data-section-id=\"1tyz114\" data-start=\"1271\" data-end=\"1296\">materia\u0142y dydaktyczne<\/li>\n<\/ul>\n<hr data-start=\"1298\" data-end=\"1301\">\n<h2 data-section-id=\"r2xo34\" data-start=\"1303\" data-end=\"1325\">TEMATYKA SZKOLE\u0143<\/h2>\n<p data-start=\"1327\" data-end=\"1402\">Nasze szkolenia koncentruj\u0105 si\u0119 na rozwijaniu kompetencji cyfrowych, m.in.:<\/p>\n<ul data-start=\"1404\" data-end=\"1773\">\n<li data-section-id=\"cs2gjj\" data-start=\"1404\" data-end=\"1457\">podstawowa obs\u0142uga komputera, smartfona i tabletu<\/li>\n<li data-section-id=\"1sg8v6r\" data-start=\"1458\" data-end=\"1544\">korzystanie z internetu i medi\u00f3w spo\u0142eczno\u015bciowych (z naciskiem na bezpiecze\u0144stwo)<\/li>\n<li data-section-id=\"1bvmjvh\" data-start=\"1545\" data-end=\"1600\">e-us\u0142ugi: mObywatel, profil zaufany, IKP, e-recepty<\/li>\n<li data-section-id=\"1k4ntb7\" data-start=\"1601\" data-end=\"1665\">praktyczna obs\u0142uga program\u00f3w: Word, Excel, Canva, PowerPoint<\/li>\n<li data-section-id=\"ruz434\" data-start=\"1666\" data-end=\"1707\">komunikatory, wideokonferencje, czaty<\/li>\n<li data-section-id=\"1dm45jp\" data-start=\"1708\" data-end=\"1773\">bezpieczne poruszanie si\u0119 w sieci i podstawy korzystania z AI<\/li>\n<\/ul>\n<hr data-start=\"1775\" data-end=\"1778\">\n<h2 data-section-id=\"nkoua3\" data-start=\"1780\" data-end=\"1813\">MODEL WSP\u00d3\u0141PRACY \u2013 KORZY\u015aCI<\/h2>\n<p data-start=\"1815\" data-end=\"1885\">Zapewniamy elastyczne formy wsp\u00f3\u0142pracy dopasowane do potrzeb projektu:<\/p>\n<ul data-start=\"1887\" data-end=\"2188\">\n<li data-section-id=\"1ruu6wi\" data-start=\"1887\" data-end=\"1930\">realizacja wybranych grup szkoleniowych<\/li>\n<li data-section-id=\"b9cytq\" data-start=\"1931\" data-end=\"1966\">obs\u0142uga konkretnych lokalizacji<\/li>\n<li data-section-id=\"6j9h0p\" data-start=\"1967\" data-end=\"2016\">wsparcie projekt\u00f3w w zakresie sprz\u0119tu i kadry<\/li>\n<li data-section-id=\"nvadz9\" data-start=\"2017\" data-end=\"2055\">wsp\u00f3\u0142praca w modelu podwykonawczym<\/li>\n<li data-section-id=\"1mvjiwl\" data-start=\"2056\" data-end=\"2112\">mo\u017cliwo\u015b\u0107 realizacji zaj\u0119\u0107 w weekendy i popo\u0142udniami<\/li>\n<li data-section-id=\"7c3x63\" data-start=\"2113\" data-end=\"2146\">szybkie wdro\u017cenie do projektu<\/li>\n<li data-section-id=\"rc5mot\" data-start=\"2147\" data-end=\"2188\">indywidualne dopasowanie harmonogramu<\/li>\n<\/ul>\n<p data-start=\"2190\" data-end=\"2283\">&#x1f449; <strong data-start=\"2193\" data-end=\"2283\">Dzi\u0119ki w\u0142asnej bazie sprz\u0119towej mo\u017cemy realizowa\u0107 kilka grup szkoleniowych r\u00f3wnolegle.<\/strong><\/p>\n<h5 style=\"text-align: center;\"><\/h5>\n","protected":false},"excerpt":{"rendered":"<p>Specjalizujemy si\u0119 w kompleksowej realizacji szkole\u0144 z wykorzystaniem mobilnych pracowni komputerowych.<\/p>\n<p>Zapewniamy pe\u0142ne zaplecze techniczne oraz organizacyjne, dzi\u0119ki czemu mo\u017cliwa jest sprawna realizacja zaj\u0119\u0107 w wielu lokalizacjach jednocze\u015bnie \u2013 bez anga\u017cowania dodatkowych zasob\u00f3w po stronie Partnera.<\/p>\n","protected":false},"author":1,"featured_media":0,"parent":0,"menu_order":0,"comment_status":"closed","ping_status":"closed","template":"","meta":[],"_links":{"self":[{"href":"https:\/\/www.probis.com.pl\/index.php\/wp-json\/wp\/v2\/pages\/15"}],"collection":[{"href":"https:\/\/www.probis.com.pl\/index.php\/wp-json\/wp\/v2\/pages"}],"about":[{"href":"https:\/\/www.probis.com.pl\/index.php\/wp-json\/wp\/v2\/types\/page"}],"author":[{"embeddable":true,"href":"https:\/\/www.probis.com.pl\/index.php\/wp-json\/wp\/v2\/users\/1"}],"replies":[{"embeddable":true,"href":"https:\/\/www.probis.com.pl\/index.php\/wp-json\/wp\/v2\/comments?post=15"}],"version-history":[{"count":14,"href":"https:\/\/www.probis.com.pl\/index.php\/wp-json\/wp\/v2\/pages\/15\/revisions"}],"predecessor-version":[{"id":1312,"href":"https:\/\/www.probis.com.pl\/index.php\/wp-json\/wp\/v2\/pages\/15\/revisions\/1312"}],"wp:attachment":[{"href":"https:\/\/www.probis.com.pl\/index.php\/wp-json\/wp\/v2\/media?parent=15"}],"curies":[{"name":"wp","href":"https:\/\/api.w.org\/{rel}","templated":true}]}}